{"id":7,"date":"2023-01-10T18:31:21","date_gmt":"2023-01-10T18:31:21","guid":{"rendered":"http:\/\/shihan.pl\/?page_id=7"},"modified":"2023-01-10T18:35:39","modified_gmt":"2023-01-10T18:35:39","slug":"masaze","status":"publish","type":"page","link":"https:\/\/shihan-masaze.pl\/?page_id=7&lang=pl","title":{"rendered":"Masa\u017ce"},"content":{"rendered":"\n<div class=\"wp-block-columns is-layout-flex wp-container-core-columns-is-layout-28f84493 wp-block-columns-is-layout-flex\">\n<div class=\"wp-block-column is-layout-flow wp-block-column-is-layout-flow\" style=\"flex-basis:100%\"><\/div>\n<\/div>\n\n\n\n<p>Jestem masa\u017cyst\u0105 z ponad 30 letnim do\u015bwiadczeniem w pracy. Przez 8 lat z pracowa\u0142em w szpitalu w instytucie neurologii. Zajmuje si\u0119 masa\u017cami leczniczymi tzn.: korzonki, rwy kulszowe, zawiania, nastawianie kr\u0119g\u00f3w, rehabilitacja po z\u0142amaniach czy zwichni\u0119ciach. Specjalizuj\u0119 si\u0119 r\u00f3wnie\u017c jako Trener Personalny mi\u0119dzy innymi w \u0107wiczeniach wzmacniaj\u0105cych grupy mi\u0119\u015bniowe i mi\u0119\u015bnie kr\u0119gos\u0142upa.<\/p>\n\n\n\n<p>Moj\u0105 wiedz\u0119 ca\u0142y czas pog\u0142\u0119biam i wzbogacam o nowe umiej\u0119tno\u015bci. Dlatego poza masa\u017cami rehabilitacyjnymi oferuj\u0119 r\u00f3wnie\u017c masa\u017ce: wyszczuplaj\u0105ce, uj\u0119drniaj\u0105ce, antycellulitowe, chi\u0144ska ba\u0144ka. Polegaj\u0105 one na rozbiciu tzw. sk\u00f3rki pomara\u0144czowej, odprowadzenie nadmiaru limfy -drena\u017c limfatyczny. Oferuj\u0119 r\u00f3wnie\u017c masa\u017ce relaksacyjne i antystresowe, poprawiaj\u0105ce nastr\u00f3j i samopoczucie. Masa\u017ce twarzy i dekoltu, przeciwzmarszczkowe i antystresowe oraz hit ostatnich lat &#8211; japo\u0144ski sekret m\u0142odo\u015bci &#8211; Masa\u017c Kobido<\/p>\n","protected":false},"excerpt":{"rendered":"<p>Jestem masa\u017cyst\u0105 z ponad 30 letnim do\u015bwiadczeniem w pracy. Przez 8 lat z pracowa\u0142em w szpitalu w instytucie neurologii. Zajmuje si\u0119 masa\u017cami leczniczymi tzn.: korzonki, rwy kulszowe, zawiania, nastawianie kr\u0119g\u00f3w, rehabilitacja po z\u0142amaniach czy zwichni\u0119ciach. Specjalizuj\u0119 si\u0119 r\u00f3wnie\u017c jako Trener Personalny mi\u0119dzy innymi w \u0107wiczeniach wzmacniaj\u0105cych grupy mi\u0119\u015bniowe i mi\u0119\u015bnie kr\u0119gos\u0142upa. Moj\u0105 wiedz\u0119 ca\u0142y czas [&hellip;]<\/p>\n","protected":false},"author":1,"featured_media":10,"parent":0,"menu_order":0,"comment_status":"closed","ping_status":"closed","template":"","meta":{"footnotes":""},"class_list":["post-7","page","type-page","status-publish","has-post-thumbnail","hentry"],"lang":"pl","translations":{"pl":7,"en":75},"pll_sync_post":[],"_links":{"self":[{"href":"https:\/\/shihan-masaze.pl\/index.php?rest_route=\/wp\/v2\/pages\/7","targetHints":{"allow":["GET"]}}],"collection":[{"href":"https:\/\/shihan-masaze.pl\/index.php?rest_route=\/wp\/v2\/pages"}],"about":[{"href":"https:\/\/shihan-masaze.pl\/index.php?rest_route=\/wp\/v2\/types\/page"}],"author":[{"embeddable":true,"href":"https:\/\/shihan-masaze.pl\/index.php?rest_route=\/wp\/v2\/users\/1"}],"replies":[{"embeddable":true,"href":"https:\/\/shihan-masaze.pl\/index.php?rest_route=%2Fwp%2Fv2%2Fcomments&post=7"}],"version-history":[{"count":5,"href":"https:\/\/shihan-masaze.pl\/index.php?rest_route=\/wp\/v2\/pages\/7\/revisions"}],"predecessor-version":[{"id":15,"href":"https:\/\/shihan-masaze.pl\/index.php?rest_route=\/wp\/v2\/pages\/7\/revisions\/15"}],"wp:featuredmedia":[{"embeddable":true,"href":"https:\/\/shihan-masaze.pl\/index.php?rest_route=\/wp\/v2\/media\/10"}],"wp:attachment":[{"href":"https:\/\/shihan-masaze.pl\/index.php?rest_route=%2Fwp%2Fv2%2Fmedia&parent=7"}],"curies":[{"name":"wp","href":"https:\/\/api.w.org\/{rel}","templated":true}]}}